{"id":49,"date":"2024-04-08T08:59:53","date_gmt":"2024-04-08T08:59:53","guid":{"rendered":"http:\/\/jenslarsen.org\/index.php\/althea-wp\/"},"modified":"2024-07-29T19:43:20","modified_gmt":"2024-07-29T19:43:20","slug":"althea-wp","status":"publish","type":"page","link":"http:\/\/jenslarsen.org\/","title":{"rendered":"Front Page"},"content":{"rendered":"<div data-colibri-id=\"49-c1\" class=\"style-189 style-local-49-c1 position-relative\">\n  <!---->\n  <div data-colibri-component=\"section\" data-colibri-id=\"49-c2\" id=\"overlappable\" class=\"h-section h-section-global-spacing d-flex align-items-lg-center align-items-md-center align-items-center style-190 style-local-49-c2 position-relative\">\n    <!---->\n    <!---->\n    <div class=\"h-section-grid-container h-section-boxed-container\">\n      <!---->\n      <div data-colibri-id=\"49-c3\" class=\"h-row-container gutters-row-lg-2 gutters-row-md-2 gutters-row-2 gutters-row-v-lg-2 gutters-row-v-md-2 gutters-row-v-2 style-191 style-local-49-c3 position-relative\">\n        <!---->\n        <div class=\"h-row justify-content-lg-center justify-content-md-center justify-content-center align-items-lg-stretch align-items-md-stretch align-items-stretch gutters-col-lg-2 gutters-col-md-2 gutters-col-2 gutters-col-v-lg-2 gutters-col-v-md-2 gutters-col-v-2\">\n          <!---->\n          <div class=\"h-column h-column-container d-flex h-col-lg-4 h-col-md-4 h-col-12 style-192-outer style-local-49-c4-outer\">\n            <div data-colibri-id=\"49-c4\" class=\"d-flex h-flex-basis h-column__inner h-px-lg-3 h-px-md-3 h-px-3 v-inner-lg-3 v-inner-md-3 v-inner-3 style-192 style-local-49-c4 position-relative\">\n              <!---->\n              <!---->\n              <div class=\"w-100 h-y-container h-column__content h-column__v-align flex-basis-100 align-self-lg-start align-self-md-start align-self-start\">\n                <!---->\n                <div data-colibri-id=\"49-c5\" class=\"h-icon style-193 style-local-49-c5 position-relative h-element\">\n                  <!----><span class=\"h-svg-icon h-icon__icon style-193-icon style-local-49-c5-icon\"><!--Icon by Font Awesome (https:\/\/fontawesome.com)-->\n    <svg version=\"1.1\" xmlns=\"http:\/\/www.w3.org\/2000\/svg\" xmlns:xlink=\"http:\/\/www.w3.org\/1999\/xlink\" id=\"ra\" viewBox=\"0 0 1792 1896.0833\">\n      <path d=\"M19 874q8-217 116-406t305-318h5q0 1-1 3-8 8-28 33.5T364 263t-60 110.5T259.5 509t-14 150.5 39 157.5T393 971q50 50 102 69.5t90.5 11.5 69.5-23.5 47-32.5l16-16q39-51 53-116.5t6.5-122.5-21-107-26.5-80l-14-29q-10-25-30.5-49.5t-43-41T599 405t-35-19l-13-6 104-115q39 17 78 52t59 61l19 27q1-48-18.5-103.5T752 214l-20-31L893 0l160 181q-33 46-52.5 102.5T978 374l-4 33q22-37 61.5-72.5T1103 282l28-17 103 115q-44 14-85 50t-60 65l-19 29q-31 56-48 133.5t-7 170 57 156.5q33 45 77.5 60.5t85 5.5 76-26.5T1368 990l21-16q60-53 96.5-115t48.5-121.5 10-121.5-18-118-37-107.5-45.5-93-45-72T1364 178l-13-17q-14-13-7-13l10 3q40 29 62.5 46t62 50 64 58 58.5 65 55.5 77 45.5 88 38 103 23.5 117 10.5 136q3 259-108 465t-312 321-456 115q-185 0-351-74t-283.5-198-184-293T19 874z\"><\/path>\n    <\/svg><\/span><\/div>\n                <div data-colibri-id=\"49-c6\" class=\"h-global-transition-all h-heading style-194 style-local-49-c6 position-relative h-element\">\n                  <!---->\n                  <div class=\"h-heading__outer style-194 style-local-49-c6\">\n                    <!---->\n                    <!---->\n                    <h4 class=\"\">Forfatter<\/h4>\n                  <\/div>\n                <\/div>\n                <div data-colibri-id=\"49-c7\" class=\"h-text h-text-component style-195 style-local-49-c7 position-relative h-element\">\n                  <!---->\n                  <!---->\n                  <div class=\"\">\n                    <p>Siden 2000 har jeg udgivet en r\u00e6kke b\u00f8ger om storytelling, ledelse og filosofi. Samt udviklet teaterstykker i samarbejde med N\u00f8rrebro Teater og Edison.\n                      <br>\n                    <\/p>\n                  <\/div>\n                <\/div>\n              <\/div>\n            <\/div>\n          <\/div>\n          <div class=\"h-column h-column-container d-flex h-col-lg-4 h-col-md-4 h-col-12 style-192-outer style-local-49-c8-outer\">\n            <div data-colibri-id=\"49-c8\" class=\"d-flex h-flex-basis h-column__inner h-px-lg-3 h-px-md-3 h-px-3 v-inner-lg-3 v-inner-md-3 v-inner-3 style-192 style-local-49-c8 position-relative\">\n              <!---->\n              <!---->\n              <div class=\"w-100 h-y-container h-column__content h-column__v-align flex-basis-100 align-self-lg-start align-self-md-start align-self-start\">\n                <!---->\n                <div data-colibri-id=\"49-c9\" class=\"h-icon style-196 style-local-49-c9 position-relative h-element\">\n                  <!----><span class=\"h-svg-icon h-icon__icon style-196-icon style-local-49-c9-icon\"><!--Icon by Font Awesome (https:\/\/fontawesome.com)-->\n    <svg version=\"1.1\" xmlns=\"http:\/\/www.w3.org\/2000\/svg\" xmlns:xlink=\"http:\/\/www.w3.org\/1999\/xlink\" id=\"refresh\" viewBox=\"0 0 1536 1896.0833\">\n      <path d=\"M1511 1056q0 5-1 7-64 268-268 434.5T764 1664q-146 0-282.5-55T238 1452l-129 129q-19 19-45 19t-45-19-19-45v-448q0-26 19-45t45-19h448q26 0 45 19t19 45-19 45l-137 137q71 66 161 102t187 36q134 0 250-65t186-179q11-17 53-117 8-23 30-23h192q13 0 22.5 9.5t9.5 22.5zm25-800v448q0 26-19 45t-45 19h-448q-26 0-45-19t-19-45 19-45l138-138Q969 384 768 384q-134 0-250 65T332 628q-11 17-53 117-8 23-30 23H50q-13 0-22.5-9.5T18 736v-7q65-268 270-434.5T768 128q146 0 284 55.5T1297 340l130-129q19-19 45-19t45 19 19 45z\"><\/path>\n    <\/svg><\/span><\/div>\n                <div data-colibri-id=\"49-c10\" class=\"h-global-transition-all h-heading style-194 style-local-49-c10 position-relative h-element\">\n                  <!---->\n                  <div class=\"h-heading__outer style-194 style-local-49-c10\">\n                    <!---->\n                    <!---->\n                    <h4 class=\"\">Projekter<\/h4>\n                  <\/div>\n                <\/div>\n                <div data-colibri-id=\"49-c11\" class=\"h-text h-text-component style-197 style-local-49-c11 position-relative h-element\">\n                  <!---->\n                  <!---->\n                  <div class=\"\">\n                    <p>Jeg designet og ledet projekter i Arktis, Norden og Danmark med fokus p\u00e5 b\u00e6redygtighed og trivsel. Projekterne tager afs\u00e6t storytelling og oprindelige folks filosofi.\n                      <br>\n                    <\/p>\n                  <\/div>\n                <\/div>\n              <\/div>\n            <\/div>\n          <\/div>\n          <div class=\"h-column h-column-container d-flex h-col-lg-4 h-col-md-4 h-col-12 style-192-outer style-local-49-c12-outer\">\n            <div data-colibri-id=\"49-c12\" class=\"d-flex h-flex-basis h-column__inner h-px-lg-3 h-px-md-3 h-px-3 v-inner-lg-3 v-inner-md-3 v-inner-3 style-192 style-local-49-c12 position-relative\">\n              <!---->\n              <!---->\n              <div class=\"w-100 h-y-container h-column__content h-column__v-align flex-basis-100 align-self-lg-start align-self-md-start align-self-start\">\n                <!---->\n                <div data-colibri-id=\"49-c13\" class=\"h-icon style-198 style-local-49-c13 position-relative h-element\">\n                  <!----><span class=\"h-svg-icon h-icon__icon style-198-icon style-local-49-c13-icon\"><!--Icon by Font Awesome (https:\/\/fontawesome.com)-->\n    <svg version=\"1.1\" xmlns=\"http:\/\/www.w3.org\/2000\/svg\" xmlns:xlink=\"http:\/\/www.w3.org\/1999\/xlink\" id=\"commenting-o\" viewBox=\"0 0 1792 1896.0833\">\n      <path d=\"M640 896q0 53-37.5 90.5T512 1024t-90.5-37.5T384 896t37.5-90.5T512 768t90.5 37.5T640 896zm384 0q0 53-37.5 90.5T896 1024t-90.5-37.5T768 896t37.5-90.5T896 768t90.5 37.5T1024 896zm384 0q0 53-37.5 90.5T1280 1024t-90.5-37.5T1152 896t37.5-90.5T1280 768t90.5 37.5T1408 896zM896 384q-204 0-381.5 69.5T232.5 641 128 896q0 112 71.5 213.5T401 1285l87 50-27 96q-24 91-70 172 152-63 275-171l43-38 57 6q69 8 130 8 204 0 381.5-69.5t282-187.5T1664 896t-104.5-255-282-187.5T896 384zm896 512q0 174-120 321.5t-326 233-450 85.5q-70 0-145-8-198 175-460 242-49 14-114 22h-5q-15 0-27-10.5t-16-27.5v-1q-3-4-.5-12t2-10 4.5-9.5l6-9 7-8.5 8-9q7-8 31-34.5t34.5-38 31-39.5 32.5-51 27-59 26-76q-157-89-247.5-220T0 896q0-130 71-248.5T262 443t286-136.5T896 256t348 50.5T1530 443t191 204.5 71 248.5z\"><\/path>\n    <\/svg><\/span><\/div>\n                <div data-colibri-id=\"49-c14\" class=\"h-global-transition-all h-heading style-194 style-local-49-c14 position-relative h-element\">\n                  <!---->\n                  <div class=\"h-heading__outer style-194 style-local-49-c14\">\n                    <!---->\n                    <!---->\n                    <h4 class=\"\">Min historie<\/h4>\n                  <\/div>\n                <\/div>\n                <div data-colibri-id=\"49-c15\" class=\"h-text h-text-component style-197 style-local-49-c15 position-relative h-element\">\n                  <!---->\n                  <!---->\n                  <div class=\"\">\n                    <p>Jeg er medstifter af True Storytelling Institute i USA, Old Friends Industries o.a. Jeg har min base i K\u00f8benhavn, hvor jeg bor med min familie.\n                      <br>\n                    <\/p>\n                  <\/div>\n                <\/div>\n              <\/div>\n            <\/div>\n          <\/div>\n        <\/div>\n      <\/div>\n    <\/div>\n  <\/div>\n  <div data-colibri-component=\"section\" data-colibri-id=\"49-c16\" id=\"about\" class=\"h-section h-section-global-spacing d-flex align-items-lg-center align-items-md-center align-items-center style-199 style-local-49-c16 position-relative\">\n    <!---->\n    <!---->\n    <div class=\"h-section-grid-container h-section-boxed-container\">\n      <!---->\n      <div data-colibri-id=\"49-c17\" class=\"h-row-container gutters-row-lg-0 gutters-row-md-0 gutters-row-0 gutters-row-v-lg-0 gutters-row-v-md-0 gutters-row-v-0 style-200 style-local-49-c17 position-relative\">\n        <!---->\n        <div class=\"h-row justify-content-lg-center justify-content-md-center justify-content-center align-items-lg-stretch align-items-md-stretch align-items-stretch gutters-col-lg-0 gutters-col-md-0 gutters-col-0 gutters-col-v-lg-0 gutters-col-v-md-0 gutters-col-v-0\">\n          <!---->\n          <div class=\"h-column h-column-container d-flex h-col-lg-auto h-col-md-auto h-col-auto style-201-outer style-local-49-c18-outer\">\n            <div data-colibri-id=\"49-c18\" class=\"d-flex h-flex-basis h-column__inner h-ui-empty-state-container h-px-lg-0 h-px-md-0 h-px-0 v-inner-lg-0 v-inner-md-0 v-inner-0 style-201 style-local-49-c18 position-relative\">\n              <!---->\n              <!---->\n              <div class=\"w-100 h-y-container h-column__content h-column__v-align flex-basis-100\">\n                <!---->\n              <\/div>\n            <\/div>\n          <\/div>\n          <div class=\"h-column h-column-container d-flex h-col-lg-auto h-col-md-auto h-col-auto style-202-outer style-local-49-c19-outer\">\n            <div data-colibri-id=\"49-c19\" class=\"d-flex h-flex-basis h-column__inner h-ui-empty-state-container h-px-lg-2 h-px-md-2 h-px-0 v-inner-lg-2 v-inner-md-2 v-inner-0 style-202 style-local-49-c19 position-relative\">\n              <!---->\n              <!---->\n              <div class=\"w-100 h-y-container h-column__content h-column__v-align flex-basis-100\">\n                <!---->\n              <\/div>\n            <\/div>\n          <\/div>\n          <div class=\"h-column h-column-container d-flex h-col-lg-auto h-col-md-auto h-col-auto style-203-outer style-local-49-c20-outer\">\n            <div data-colibri-id=\"49-c20\" class=\"d-flex h-flex-basis h-column__inner h-px-lg-3 h-px-md-3 h-px-3 v-inner-lg-3 v-inner-md-3 v-inner-3 style-203 style-local-49-c20 position-relative\">\n              <!---->\n              <!---->\n              <div class=\"w-100 h-y-container h-column__content h-column__v-align flex-basis-100 align-self-lg-center align-self-md-center align-self-center\">\n                <!---->\n                <div data-colibri-id=\"49-c21\" class=\"h-global-transition-all h-heading style-204 style-local-49-c21 position-relative h-element\">\n                  <!---->\n                  <div class=\"h-heading__outer style-204 style-local-49-c21\">\n                    <!---->\n                    <!---->\n                    <h5 class=\"\">Etisk forandringsledelse<\/h5>\n                  <\/div>\n                <\/div>\n                <div data-colibri-id=\"49-c22\" class=\"h-global-transition-all h-heading style-205 style-local-49-c22 position-relative h-element\">\n                  <!---->\n                  <div class=\"h-heading__outer style-205 style-local-49-c22\">\n                    <!---->\n                    <!---->\n                    <h2 class=\"\">Om at bruge storytelling til b\u00e6redygtige forandringer<\/h2>\n                  <\/div>\n                <\/div>\n                <div data-colibri-id=\"49-c23\" class=\"h-text h-text-component style-206 style-local-49-c23 position-relative h-element\">\n                  <!---->\n                  <!---->\n                  <div class=\"\">\n                    <p>Jeg har skrevet b\u00f8ger om coaching, storytelling, ledelse, kunst og b\u00e6redygtighed. I bogen udvikler jeg metoden True Storytelling i samarbejde med US professor David Boje og Lena Bruun.\n                      <br>\n                    <\/p>\n                  <\/div>\n                <\/div>\n              <\/div>\n            <\/div>\n          <\/div>\n        <\/div>\n      <\/div>\n    <\/div>\n  <\/div>\n  <div data-colibri-component=\"section\" data-colibri-id=\"49-c121\" id=\"about-2\" class=\"h-section h-section-global-spacing d-flex align-items-lg-center align-items-md-center align-items-center style-338 style-local-49-c121 position-relative\">\n    <!---->\n    <!---->\n    <div class=\"h-section-grid-container h-section-boxed-container\">\n      <!---->\n      <div data-colibri-id=\"49-c122\" class=\"h-row-container gutters-row-lg-0 gutters-row-md-0 gutters-row-0 gutters-row-v-lg-0 gutters-row-v-md-0 gutters-row-v-0 style-339 style-local-49-c122 position-relative\">\n        <!---->\n        <div class=\"h-row justify-content-lg-center justify-content-md-center justify-content-center align-items-lg-stretch align-items-md-stretch align-items-stretch gutters-col-lg-0 gutters-col-md-0 gutters-col-0 gutters-col-v-lg-0 gutters-col-v-md-0 gutters-col-v-0\">\n          <!---->\n          <div class=\"h-column h-column-container d-flex h-col-lg-auto h-col-md-auto h-col-auto style-340-outer style-local-49-c123-outer\">\n            <div data-colibri-id=\"49-c123\" class=\"d-flex h-flex-basis h-column__inner h-px-lg-0 h-px-md-0 h-px-0 v-inner-lg-0 v-inner-md-0 v-inner-0 style-340 style-local-49-c123 position-relative\">\n              <!---->\n              <!---->\n              <div class=\"w-100 h-y-container h-column__content h-column__v-align flex-basis-100 align-self-lg-start align-self-md-start align-self-start\">\n                <!---->\n                <div data-colibri-id=\"49-c124\" class=\"h-global-transition-all h-heading style-341 style-local-49-c124 position-relative h-element\">\n                  <!---->\n                  <div class=\"h-heading__outer style-341 style-local-49-c124\">\n                    <!---->\n                    <!---->\n                    <h5 class=\"\">H\u00e5ndbog om Forandringsledelse<\/h5>\n                  <\/div>\n                <\/div>\n                <div data-colibri-id=\"49-c125\" class=\"h-global-transition-all h-heading style-342 style-local-49-c125 position-relative h-element\">\n                  <!---->\n                  <div class=\"h-heading__outer style-342 style-local-49-c125\">\n                    <!---->\n                    <!---->\n                    <h2 class=\"\">Praktiske r\u00e5d fra inter-nationale forskere og ledere<\/h2>\n                  <\/div>\n                <\/div>\n                <div data-colibri-id=\"49-c126\" class=\"h-text h-text-component style-343 style-local-49-c126 position-relative h-element\">\n                  <!---->\n                  <!---->\n                  <div class=\"\">\n                    <p>Det var en stor \u00e6re for mig at v\u00e6re redakt\u00f8r p\u00e5 denne f\u00f8rste h\u00e5ndbog om vores forandringsmetode True Storytelling. Jeg bidrager selv med to kapitler og et forord.\n                      <br>\n                    <\/p>\n                  <\/div>\n                <\/div>\n              <\/div>\n            <\/div>\n          <\/div>\n          <div class=\"h-column h-column-container d-flex h-col-lg-auto h-col-md-auto h-col-auto style-344-outer style-local-49-c127-outer\">\n            <div data-colibri-id=\"49-c127\" class=\"d-flex h-flex-basis h-column__inner h-ui-empty-state-container h-px-lg-2 h-px-md-2 h-px-2 v-inner-lg-2 v-inner-md-2 v-inner-2 style-344 style-local-49-c127 position-relative\">\n              <!---->\n              <!---->\n              <div class=\"w-100 h-y-container h-column__content h-column__v-align flex-basis-100\">\n                <!---->\n              <\/div>\n            <\/div>\n          <\/div>\n        <\/div>\n      <\/div>\n    <\/div>\n  <\/div>\n<\/div>","protected":false},"excerpt":{"rendered":"<p>Forfatter Siden 2000 har jeg udgivet en r\u00e6kke b\u00f8ger om storytelling, ledelse og filosofi. Samt udviklet teaterstykker i samarbejde med N\u00f8rrebro Teater og Edison. Projekter Jeg designet og ledet projekter i Arktis, Norden og Danmark med fokus p\u00e5 b\u00e6redygtighed og trivsel. Projekterne tager afs\u00e6t storytelling og oprindelige folks filosofi. Min historie Jeg er medstifter af [&hellip;]<\/p>\n","protected":false},"author":1,"featured_media":0,"parent":0,"menu_order":0,"comment_status":"closed","ping_status":"closed","template":"page-templates\/homepage.php","meta":[],"_links":{"self":[{"href":"http:\/\/jenslarsen.org\/index.php\/wp-json\/wp\/v2\/pages\/49"}],"collection":[{"href":"http:\/\/jenslarsen.org\/index.php\/wp-json\/wp\/v2\/pages"}],"about":[{"href":"http:\/\/jenslarsen.org\/index.php\/wp-json\/wp\/v2\/types\/page"}],"author":[{"embeddable":true,"href":"http:\/\/jenslarsen.org\/index.php\/wp-json\/wp\/v2\/users\/1"}],"replies":[{"embeddable":true,"href":"http:\/\/jenslarsen.org\/index.php\/wp-json\/wp\/v2\/comments?post=49"}],"version-history":[{"count":9,"href":"http:\/\/jenslarsen.org\/index.php\/wp-json\/wp\/v2\/pages\/49\/revisions"}],"predecessor-version":[{"id":173,"href":"http:\/\/jenslarsen.org\/index.php\/wp-json\/wp\/v2\/pages\/49\/revisions\/173"}],"wp:attachment":[{"href":"http:\/\/jenslarsen.org\/index.php\/wp-json\/wp\/v2\/media?parent=49"}],"curies":[{"name":"wp","href":"https:\/\/api.w.org\/{rel}","templated":true}]}}